{"id":4658,"date":"2022-03-14T18:45:15","date_gmt":"2023-06-05T14:47:48","guid":{"rendered":"https:\/\/www.gielletechnoplast.it\/tutti-i-prodotti\/uncategorized\/ribbed-cap-in-pe-with-chromate-metal-head\/"},"modified":"2025-02-24T11:51:01","modified_gmt":"2025-02-24T10:51:01","slug":"ribbed-cap-in-pe-with-chromate-metal-head","status":"publish","type":"product","link":"https:\/\/www.gielletechnoplast.it\/en\/thermoplastic-product\/ribbed-cap-in-pe-with-chromate-metal-head\/","title":{"rendered":"705 &#8211; Ribbed cap in PE with chromate metal head"},"content":{"rendered":"<div class=\"fusion-fullwidth fullwidth-box fusion-builder-row-1 fusion-flex-container nonhundred-percent-fullwidth non-hundred-percent-height-scrolling\" style=\"--awb-border-radius-top-left:0px;--awb-border-radius-top-right:0px;--awb-border-radius-bottom-right:0px;--awb-border-radius-bottom-left:0px;--awb-flex-wrap:wrap;\" ><div class=\"fusion-builder-row fusion-row fusion-flex-align-items-stretch fusion-flex-content-wrap\" style=\"max-width:104%;margin-left: calc(-4% \/ 2 );margin-right: calc(-4% \/ 2 );\"><div class=\"fusion-layout-column fusion_builder_column fusion-builder-column-0 fusion_builder_column_1_3 1_3 fusion-flex-column fusion-flex-align-self-stretch\" style=\"--awb-bg-size:cover;--awb-width-large:33.333333333333%;--awb-margin-top-large:0px;--awb-spacing-right-large:3.84%;--awb-margin-bottom-large:0px;--awb-spacing-left-large:5.76%;--awb-width-medium:33.333333333333%;--awb-order-medium:0;--awb-spacing-right-medium:3.84%;--awb-spacing-left-medium:5.76%;--awb-width-small:100%;--awb-order-small:0;--awb-spacing-right-small:1.92%;--awb-spacing-left-small:1.92%;\"><div class=\"fusion-column-wrapper fusion-column-has-shadow fusion-flex-justify-content-center fusion-content-layout-column\"><div class=\"fusion-image-element \" style=\"text-align:center;--awb-caption-title-font-family:var(--h2_typography-font-family);--awb-caption-title-font-weight:var(--h2_typography-font-weight);--awb-caption-title-font-style:var(--h2_typography-font-style);--awb-caption-title-size:var(--h2_typography-font-size);--awb-caption-title-transform:var(--h2_typography-text-transform);--awb-caption-title-line-height:var(--h2_typography-line-height);--awb-caption-title-letter-spacing:var(--h2_typography-letter-spacing);\"><span class=\" fusion-imageframe imageframe-none imageframe-1 hover-type-none\"><img decoding=\"async\" width=\"539\" height=\"350\" title=\"705_SCHEDA_500X350_2\" src=\"https:\/\/eohd2ex6wuu.exactdn.com\/wp-content\/uploads\/2022\/03\/705_SCHEDA_500X350_2.jpg?strip=all&amp;quality=90&amp;webp=90&amp;avif=70\" data-orig-src=\"https:\/\/www.gielletechnoplast.it\/wp-content\/uploads\/2022\/03\/705_SCHEDA_500X350_2.jpg\" class=\"lazyload img-responsive wp-image-6232\" srcset=\"data:image\/svg+xml,%3Csvg%20xmlns%3D%27http%3A%2F%2Fwww.w3.org%2F2000%2Fsvg%27%20width%3D%27539%27%20height%3D%27350%27%20viewBox%3D%270%200%20539%20350%27%3E%3Crect%20width%3D%27539%27%20height%3D%27350%27%20fill-opacity%3D%220%22%2F%3E%3C%2Fsvg%3E\" data-srcset=\"https:\/\/eohd2ex6wuu.exactdn.com\/wp-content\/uploads\/2022\/03\/705_SCHEDA_500X350_2-400x260.jpg?strip=all&amp;quality=90&amp;webp=90&amp;avif=70 400w, https:\/\/eohd2ex6wuu.exactdn.com\/wp-content\/uploads\/2022\/03\/705_SCHEDA_500X350_2.jpg?strip=all&amp;quality=90&amp;webp=90&amp;avif=70 539w, https:\/\/eohd2ex6wuu.exactdn.com\/wp-content\/uploads\/2022\/03\/705_SCHEDA_500X350_2.jpg?strip=all&amp;quality=90&amp;webp=90&amp;avif=70&amp;w=107 107w, https:\/\/eohd2ex6wuu.exactdn.com\/wp-content\/uploads\/2022\/03\/705_SCHEDA_500X350_2.jpg?strip=all&amp;quality=90&amp;webp=90&amp;avif=70&amp;w=215 215w, https:\/\/eohd2ex6wuu.exactdn.com\/wp-content\/uploads\/2022\/03\/705_SCHEDA_500X350_2.jpg?strip=all&amp;quality=90&amp;webp=90&amp;avif=70&amp;w=323 323w, https:\/\/eohd2ex6wuu.exactdn.com\/wp-content\/uploads\/2022\/03\/705_SCHEDA_500X350_2.jpg?strip=all&amp;quality=90&amp;webp=90&amp;avif=70&amp;w=450 450w\" data-sizes=\"auto\" data-orig-sizes=\"(max-width: 640px) 100vw, 539px\" alt=\"\"><\/span><\/div><\/div><\/div><div class=\"fusion-layout-column fusion_builder_column fusion-builder-column-1 fusion_builder_column_2_3 2_3 fusion-flex-column fusion-flex-align-self-stretch\" style=\"--awb-bg-size:cover;--awb-width-large:66.666666666667%;--awb-margin-top-large:0px;--awb-spacing-right-large:2.88%;--awb-margin-bottom-large:0px;--awb-spacing-left-large:3.84%;--awb-width-medium:66.666666666667%;--awb-order-medium:0;--awb-spacing-right-medium:2.88%;--awb-spacing-left-medium:3.84%;--awb-width-small:100%;--awb-order-small:0;--awb-spacing-right-small:1.92%;--awb-spacing-left-small:1.92%;\"><div class=\"fusion-column-wrapper fusion-column-has-shadow fusion-flex-justify-content-flex-start fusion-content-layout-column\"><div class=\"fusion-text fusion-text-1\" style=\"--awb-text-transform:none;\">\n<div class=\"wpdt-c wdt-skin-light\">\n    \n    <input type=\"hidden\" id=\"wdtNonceFrontendServerSide_182\" name=\"wdtNonceFrontendServerSide_182\" value=\"401a3c708f\" \/><input type=\"hidden\" name=\"_wp_http_referer\" value=\"\/en\/wp-json\/wp\/v2\/product\/4658\" \/>    <input type=\"hidden\" id=\"table_1_desc\"\n           value='{\"tableId\":\"table_1\",\"tableType\":\"manual\",\"selector\":\"#table_1\",\"responsive\":true,\"responsiveAction\":\"icon\",\"editable\":false,\"inlineEditing\":false,\"infoBlock\":false,\"pagination_top\":0,\"pagination\":1,\"paginationAlign\":\"right\",\"paginationLayout\":\"full_numbers\",\"paginationLayoutMobile\":\"simple\",\"file_location\":\"\",\"tableSkin\":\"light\",\"table_wcag\":0,\"simple_template_id\":0,\"scrollable\":true,\"fixedLayout\":false,\"globalSearch\":true,\"showRowsPerPage\":false,\"popoverTools\":false,\"loader\":\"1\",\"showCartInformation\":1,\"hideBeforeLoad\":false,\"number_format\":1,\"decimalPlaces\":1,\"spinnerSrc\":\"https:\\\/\\\/www.gielletechnoplast.it\\\/wp-content\\\/plugins\\\/wpdatatables\\\/assets\\\/\\\/img\\\/spinner.gif\",\"index_column\":0,\"groupingEnabled\":false,\"tableWpId\":182,\"dataTableParams\":{\"sDom\":\"BT\\u003C\\u0027clear\\u0027\\u003Ef\\u003C\\u0027wdtscroll\\u0027t\\u003Ep\",\"bSortCellsTop\":false,\"bFilter\":true,\"bPaginate\":true,\"sPaginationType\":\"full_numbers\",\"aLengthMenu\":[[1,5,10,25,50,100,-1],[1,5,10,25,50,100,\"All\"]],\"iDisplayLength\":10,\"columnDefs\":[{\"sType\":\"formatted-num\",\"wdtType\":\"int\",\"bVisible\":false,\"orderable\":true,\"searchable\":true,\"InputType\":\"text\",\"name\":\"wdt_ID\",\"origHeader\":\"wdt_ID\",\"notNull\":false,\"conditionalFormattingRules\":[],\"transformValueRules\":\"\",\"className\":\"numdata integer  column-wdt_id\",\"aTargets\":[0]},{\"sType\":\"string\",\"wdtType\":\"string\",\"bVisible\":true,\"orderable\":true,\"searchable\":true,\"InputType\":\"text\",\"name\":\"codice\",\"origHeader\":\"codice\",\"notNull\":false,\"conditionalFormattingRules\":[],\"transformValueRules\":\"\",\"className\":\" column-codice\",\"aTargets\":[1]},{\"sType\":\"formatted-num\",\"wdtType\":\"int\",\"bVisible\":true,\"orderable\":true,\"searchable\":true,\"InputType\":\"text\",\"name\":\"otesta\",\"origHeader\":\"otesta\",\"notNull\":false,\"conditionalFormattingRules\":[],\"transformValueRules\":\"\",\"className\":\"numdata integer  column-otesta\",\"aTargets\":[2]},{\"sType\":\"formatted-num\",\"wdtType\":\"int\",\"bVisible\":true,\"orderable\":true,\"searchable\":true,\"InputType\":\"text\",\"name\":\"a\",\"origHeader\":\"a\",\"notNull\":false,\"conditionalFormattingRules\":[],\"transformValueRules\":\"\",\"className\":\"numdata integer  column-a\",\"aTargets\":[3]},{\"sType\":\"string\",\"wdtType\":\"string\",\"bVisible\":true,\"orderable\":true,\"searchable\":true,\"InputType\":\"textarea\",\"name\":\"b1\",\"origHeader\":\"b1\",\"notNull\":false,\"conditionalFormattingRules\":[],\"transformValueRules\":\"\",\"className\":\" column-b1\",\"aTargets\":[4]}],\"bAutoWidth\":false,\"order\":[[0,\"asc\"]],\"ordering\":false,\"fixedHeader\":{\"header\":false,\"headerOffset\":0},\"fixedColumns\":false,\"oLanguage\":{\"sSearchPlaceholder\":\"\"},\"buttons\":[],\"bProcessing\":false,\"serverSide\":true,\"ajax\":{\"url\":\"https:\\\/\\\/www.gielletechnoplast.it\\\/wp-admin\\\/admin-ajax.php?action=get_wdtable&table_id=182\",\"type\":\"POST\"},\"oSearch\":{\"bSmart\":false,\"bRegex\":false,\"sSearch\":\"\"}},\"customRowDisplay\":\"\",\"tabletWidth\":\"1024\",\"mobileWidth\":\"470\",\"renderFilter\":\"footer\",\"advancedFilterEnabled\":true,\"advancedFilterOptions\":{\"aoColumns\":[{\"type\":\"null\",\"columnType\":\"int\",\"numberOfDecimalPlaces\":\"1\",\"possibleValuesType\":\"read\",\"globalSearchColumn\":1,\"values\":null,\"origHeader\":\"wdt_ID\",\"displayHeader\":\"wdt_ID\",\"possibleValuesAddEmpty\":false,\"possibleValuesAjax\":-1,\"column_align_fields\":\"\",\"defaultValue\":\"\",\"column_align_header\":\"\",\"column_rotate_header_name\":\"\",\"exactFiltering\":false,\"filterLabel\":\"\",\"searchInSelectBox\":1,\"searchInSelectBoxEditing\":1,\"checkboxesInModal\":0,\"andLogic\":0,\"linkButtonLabel\":\"\",\"rangeSlider\":false,\"rangeMaxValueDisplay\":\"0\",\"customMaxRangeValue\":\"0\"},{\"type\":\"text\",\"columnType\":\"string\",\"numberOfDecimalPlaces\":\"1\",\"possibleValuesType\":\"read\",\"globalSearchColumn\":1,\"values\":null,\"origHeader\":\"codice\",\"displayHeader\":\"Codice\\\/Code\",\"possibleValuesAddEmpty\":false,\"possibleValuesAjax\":10,\"column_align_fields\":\"\",\"defaultValue\":\"\",\"column_align_header\":\"\",\"column_rotate_header_name\":\"\",\"exactFiltering\":false,\"filterLabel\":\"\",\"searchInSelectBox\":1,\"searchInSelectBoxEditing\":1,\"checkboxesInModal\":0,\"andLogic\":0,\"linkButtonLabel\":\"\",\"rangeSlider\":false,\"rangeMaxValueDisplay\":\"default\",\"customMaxRangeValue\":\"0\"},{\"type\":\"number\",\"columnType\":\"int\",\"numberOfDecimalPlaces\":\"1\",\"possibleValuesType\":\"read\",\"globalSearchColumn\":1,\"values\":null,\"origHeader\":\"otesta\",\"displayHeader\":\"\\u00d8\",\"possibleValuesAddEmpty\":false,\"possibleValuesAjax\":-1,\"column_align_fields\":\"\",\"defaultValue\":\"\",\"column_align_header\":\"\",\"column_rotate_header_name\":\"\",\"exactFiltering\":false,\"filterLabel\":\"\",\"searchInSelectBox\":1,\"searchInSelectBoxEditing\":1,\"checkboxesInModal\":0,\"andLogic\":0,\"linkButtonLabel\":\"\",\"rangeSlider\":false,\"rangeMaxValueDisplay\":\"default\",\"customMaxRangeValue\":\"0\"},{\"type\":\"number\",\"columnType\":\"int\",\"numberOfDecimalPlaces\":\"1\",\"possibleValuesType\":\"read\",\"globalSearchColumn\":1,\"values\":null,\"origHeader\":\"a\",\"displayHeader\":\"A\",\"possibleValuesAddEmpty\":false,\"possibleValuesAjax\":-1,\"column_align_fields\":\"\",\"defaultValue\":\"\",\"column_align_header\":\"\",\"column_rotate_header_name\":\"\",\"exactFiltering\":false,\"filterLabel\":\"\",\"searchInSelectBox\":1,\"searchInSelectBoxEditing\":1,\"checkboxesInModal\":0,\"andLogic\":0,\"linkButtonLabel\":\"\",\"rangeSlider\":false,\"rangeMaxValueDisplay\":\"0\",\"customMaxRangeValue\":\"0\"},{\"type\":\"text\",\"columnType\":\"string\",\"numberOfDecimalPlaces\":\"1\",\"possibleValuesType\":\"read\",\"globalSearchColumn\":1,\"values\":null,\"origHeader\":\"b1\",\"displayHeader\":\"B\",\"possibleValuesAddEmpty\":false,\"possibleValuesAjax\":10,\"column_align_fields\":\"\",\"defaultValue\":\"\",\"column_align_header\":\"\",\"column_rotate_header_name\":\"\",\"exactFiltering\":false,\"filterLabel\":\"\",\"searchInSelectBox\":1,\"searchInSelectBoxEditing\":1,\"checkboxesInModal\":0,\"andLogic\":0,\"linkButtonLabel\":\"\",\"rangeSlider\":false,\"rangeMaxValueDisplay\":\"default\",\"customMaxRangeValue\":\"0\"}],\"bUseColVis\":true},\"filterInForm\":false,\"serverSide\":true,\"autoRefreshInterval\":0,\"processing\":true,\"fnServerData\":true,\"columnsFixed\":0,\"sumFunctionsLabel\":\"\",\"avgFunctionsLabel\":\"\",\"minFunctionsLabel\":\"\",\"maxFunctionsLabel\":\"kingonweb\",\"columnsDecimalPlaces\":{\"wdt_ID\":-1,\"codice\":-1,\"otesta\":-1,\"a\":-1,\"b1\":-1},\"columnsThousandsSeparator\":{\"wdt_ID\":0,\"otesta\":1,\"a\":1},\"sumColumns\":[],\"avgColumns\":[],\"sumAvgColumns\":[],\"timeFormat\":\"h:i A\",\"datepickFormat\":\"dd\\\/mm\\\/yy\"}'\/>\n\n    <table id=\"table_1\"\n           class=\" scroll responsive display nowrap wdt-no-display data-t data-t wpDataTable wpDataTableID-182 \"\n           style=\"\"\n           data-described-by='table_1_desc'\n           data-wpdatatable_id=\"182\">\n        \n        <!-- Table header -->\n        \n<thead>\n<tr>\n                    <th\n                        class=\" wdtheader sort numdata integer \"\n        style=\"\">        wdt_ID<\/th>        <th\n        data-class=\"expand\"                class=\" wdtheader sort \"\n        style=\"\">        Codice\/Code<\/th>        <th\n                        class=\" wdtheader sort numdata integer \"\n        style=\"\">        \u00d8<\/th>        <th\n                        class=\" wdtheader sort numdata integer \"\n        style=\"\">        A<\/th>        <th\n                        class=\" wdtheader sort \"\n        style=\"\">        B<\/th>    <\/tr>\n<\/thead>\n        <!-- \/Table header -->\n\n        <!-- Table body -->\n        \n<tbody>\n<!-- Table body -->\n<div data-id=\"182\"\n     class=\"wdt-timeline-item wdt-timeline-table_1\"\n     style=\"\">\n    <div class=\"wdt-table-loader\">\n        <div class=\"wdt-table-loader-row wdt-table-loader-header\">\n            <div class=\"wdt-table-loader-header-cell wdt-animated-background\"><\/div>\n            <div class=\"wdt-table-loader-header-cell wdt-animated-background\"><\/div>\n            <div class=\"wdt-table-loader-header-cell wdt-animated-background\"><\/div>\n        <\/div>\n                    <div class=\"wdt-table-loader-row\">\n                <div class=\"wdt-table-loader-cell wdt-animated-background\"><\/div>\n                <div class=\"wdt-table-loader-cell wdt-animated-background\"><\/div>\n                <div class=\"wdt-table-loader-cell wdt-animated-background\"><\/div>\n            <\/div>\n                    <div class=\"wdt-table-loader-row\">\n                <div class=\"wdt-table-loader-cell wdt-animated-background\"><\/div>\n                <div class=\"wdt-table-loader-cell wdt-animated-background\"><\/div>\n                <div class=\"wdt-table-loader-cell wdt-animated-background\"><\/div>\n            <\/div>\n                    <div class=\"wdt-table-loader-row\">\n                <div class=\"wdt-table-loader-cell wdt-animated-background\"><\/div>\n                <div class=\"wdt-table-loader-cell wdt-animated-background\"><\/div>\n                <div class=\"wdt-table-loader-cell wdt-animated-background\"><\/div>\n            <\/div>\n                    <div class=\"wdt-table-loader-row\">\n                <div class=\"wdt-table-loader-cell wdt-animated-background\"><\/div>\n                <div class=\"wdt-table-loader-cell wdt-animated-background\"><\/div>\n                <div class=\"wdt-table-loader-cell wdt-animated-background\"><\/div>\n            <\/div>\n                    <div class=\"wdt-table-loader-row\">\n                <div class=\"wdt-table-loader-cell wdt-animated-background\"><\/div>\n                <div class=\"wdt-table-loader-cell wdt-animated-background\"><\/div>\n                <div class=\"wdt-table-loader-cell wdt-animated-background\"><\/div>\n            <\/div>\n                    <div class=\"wdt-table-loader-row\">\n                <div class=\"wdt-table-loader-cell wdt-animated-background\"><\/div>\n                <div class=\"wdt-table-loader-cell wdt-animated-background\"><\/div>\n                <div class=\"wdt-table-loader-cell wdt-animated-background\"><\/div>\n            <\/div>\n                    <div class=\"wdt-table-loader-row\">\n                <div class=\"wdt-table-loader-cell wdt-animated-background\"><\/div>\n                <div class=\"wdt-table-loader-cell wdt-animated-background\"><\/div>\n                <div class=\"wdt-table-loader-cell wdt-animated-background\"><\/div>\n            <\/div>\n                    <div class=\"wdt-table-loader-row\">\n                <div class=\"wdt-table-loader-cell wdt-animated-background\"><\/div>\n                <div class=\"wdt-table-loader-cell wdt-animated-background\"><\/div>\n                <div class=\"wdt-table-loader-cell wdt-animated-background\"><\/div>\n            <\/div>\n                    <div class=\"wdt-table-loader-row\">\n                <div class=\"wdt-table-loader-cell wdt-animated-background\"><\/div>\n                <div class=\"wdt-table-loader-cell wdt-animated-background\"><\/div>\n                <div class=\"wdt-table-loader-cell wdt-animated-background\"><\/div>\n            <\/div>\n                    <div class=\"wdt-table-loader-row\">\n                <div class=\"wdt-table-loader-cell wdt-animated-background\"><\/div>\n                <div class=\"wdt-table-loader-cell wdt-animated-background\"><\/div>\n                <div class=\"wdt-table-loader-cell wdt-animated-background\"><\/div>\n            <\/div>\n                    <div class=\"wdt-table-loader-row\">\n                <div class=\"wdt-table-loader-cell wdt-animated-background\"><\/div>\n                <div class=\"wdt-table-loader-cell wdt-animated-background\"><\/div>\n                <div class=\"wdt-table-loader-cell wdt-animated-background\"><\/div>\n            <\/div>\n            <\/div>\n<\/div><!-- \/Table body -->\n                    <tr id=\"table_182_row_0\"\n            data-row-index=\"0\">\n                            <td style=\"\">1<\/td>\n                            <td style=\"\">705001INCTC2<\/td>\n                            <td style=\"\">13<\/td>\n                            <td style=\"\">8<\/td>\n                            <td style=\"\">2<\/td>\n                    <\/tr>\n                            <tr id=\"table_182_row_1\"\n            data-row-index=\"1\">\n                            <td style=\"\">2<\/td>\n                            <td style=\"\">705002INCTC2<\/td>\n                            <td style=\"\">14<\/td>\n                            <td style=\"\">10<\/td>\n                            <td style=\"\">2<\/td>\n                    <\/tr>\n                            <tr id=\"table_182_row_2\"\n            data-row-index=\"2\">\n                            <td style=\"\">3<\/td>\n                            <td style=\"\">705003INCTC2<\/td>\n                            <td style=\"\">16<\/td>\n                            <td style=\"\">10<\/td>\n                            <td style=\"\">2,5<\/td>\n                    <\/tr>\n                            <tr id=\"table_182_row_3\"\n            data-row-index=\"3\">\n                            <td style=\"\">4<\/td>\n                            <td style=\"\">705004INCTC2<\/td>\n                            <td style=\"\">18<\/td>\n                            <td style=\"\">10<\/td>\n                            <td style=\"\">2<\/td>\n                    <\/tr>\n                            <tr id=\"table_182_row_4\"\n            data-row-index=\"4\">\n                            <td style=\"\">5<\/td>\n                            <td style=\"\">705005INCTC2<\/td>\n                            <td style=\"\">19<\/td>\n                            <td style=\"\">10<\/td>\n                            <td style=\"\">2<\/td>\n                    <\/tr>\n                            <tr id=\"table_182_row_5\"\n            data-row-index=\"5\">\n                            <td style=\"\">6<\/td>\n                            <td style=\"\">705006INCTC2<\/td>\n                            <td style=\"\">20<\/td>\n                            <td style=\"\">10<\/td>\n                            <td style=\"\">3<\/td>\n                    <\/tr>\n                            <tr id=\"table_182_row_6\"\n            data-row-index=\"6\">\n                            <td style=\"\">7<\/td>\n                            <td style=\"\">705007INCTC2<\/td>\n                            <td style=\"\">22<\/td>\n                            <td style=\"\">11<\/td>\n                            <td style=\"\">3<\/td>\n                    <\/tr>\n                            <tr id=\"table_182_row_7\"\n            data-row-index=\"7\">\n                            <td style=\"\">8<\/td>\n                            <td style=\"\">705008INCTC2<\/td>\n                            <td style=\"\">25<\/td>\n                            <td style=\"\">15<\/td>\n                            <td style=\"\">3<\/td>\n                    <\/tr>\n                            <tr id=\"table_182_row_8\"\n            data-row-index=\"8\">\n                            <td style=\"\">9<\/td>\n                            <td style=\"\">705009INCTC2<\/td>\n                            <td style=\"\">28<\/td>\n                            <td style=\"\">15<\/td>\n                            <td style=\"\">3<\/td>\n                    <\/tr>\n                            <tr id=\"table_182_row_9\"\n            data-row-index=\"9\">\n                            <td style=\"\">10<\/td>\n                            <td style=\"\">705010INCTC2<\/td>\n                            <td style=\"\">30<\/td>\n                            <td style=\"\">16<\/td>\n                            <td style=\"\">3<\/td>\n                    <\/tr>\n            <\/tbody>        <!-- \/Table body -->\n\n        <!-- Table footer -->\n        \n    <tfoot>\n                <tr >\n                            <td\n                class=\"wdtheader sort numdata integer \"\n                style=\"\"><\/td>                <td\n                class=\"wdtheader sort \"\n                style=\"\">Codice\/Code<\/td>                <td\n                class=\"wdtheader sort numdata integer \"\n                style=\"\">\u00d8<\/td>                <td\n                class=\"wdtheader sort numdata integer \"\n                style=\"\">A<\/td>                <td\n                class=\"wdtheader sort \"\n                style=\"\">B<\/td>        <\/tr>\n                            <\/tfoot>\n        <!-- \/Table footer -->\n    <\/table>\n\n<\/div><style>\n.sticky-btn {\r\nposition: fixed;\r\nbottom: 30px;\r\nright: 15px;\r\n}<\/style>\n<style>\n<\/style>\n\n<\/div><\/div><\/div><\/div><\/div>\n","protected":false},"excerpt":{"rendered":"<p><strong>For all internal finned head covers, the head dimension refers to the external pipe dimension.<\/strong><\/p>\n<p><strong>From \u00d8 20 up to \u00d8 80mm. We can supply with hole \u00d8 6mm for inserting of buffer<\/strong><\/p>\n","protected":false},"featured_media":5736,"template":"","meta":[],"product_brand":[],"product_cat":[279,281,208,227,209,228],"product_tag":[241,301,211,212,213,214,306,238,315,316,217,218,319,297],"class_list":{"0":"post-4658","1":"product","2":"type-product","3":"status-publish","4":"has-post-thumbnail","6":"product_cat-caps","7":"product_cat-head-cover","8":"product_cat-industrial-accessories","9":"product_cat-industrial-furniture","10":"product_cat-office-furniture","11":"product_cat-school-furniture","12":"product_tag-carts","13":"product_tag-furniture","14":"product_tag-lighting","15":"product_tag-machine-tools","16":"product_tag-medical","17":"product_tag-packaging","18":"product_tag-pe","19":"product_tag-school-desk","20":"product_tag-shelving","21":"product_tag-stairs","22":"product_tag-tables","23":"product_tag-tubes","24":"product_tag-tubular-chairs","25":"product_tag-warehouses","27":"first","28":"instock","29":"shipping-taxable","30":"product-type-simple"},"_links":{"self":[{"href":"https:\/\/www.gielletechnoplast.it\/en\/wp-json\/wp\/v2\/product\/4658","targetHints":{"allow":["GET"]}}],"collection":[{"href":"https:\/\/www.gielletechnoplast.it\/en\/wp-json\/wp\/v2\/product"}],"about":[{"href":"https:\/\/www.gielletechnoplast.it\/en\/wp-json\/wp\/v2\/types\/product"}],"wp:featuredmedia":[{"embeddable":true,"href":"https:\/\/www.gielletechnoplast.it\/en\/wp-json\/wp\/v2\/media\/5736"}],"wp:attachment":[{"href":"https:\/\/www.gielletechnoplast.it\/en\/wp-json\/wp\/v2\/media?parent=4658"}],"wp:term":[{"taxonomy":"product_brand","embeddable":true,"href":"https:\/\/www.gielletechnoplast.it\/en\/wp-json\/wp\/v2\/product_brand?post=4658"},{"taxonomy":"product_cat","embeddable":true,"href":"https:\/\/www.gielletechnoplast.it\/en\/wp-json\/wp\/v2\/product_cat?post=4658"},{"taxonomy":"product_tag","embeddable":true,"href":"https:\/\/www.gielletechnoplast.it\/en\/wp-json\/wp\/v2\/product_tag?post=4658"}],"curies":[{"name":"wp","href":"https:\/\/api.w.org\/{rel}","templated":true}]}}